{"id":22419,"date":"2025-07-07T07:08:21","date_gmt":"2025-07-07T07:08:21","guid":{"rendered":"http:\/\/www.firtinamuzik.com.tr\/?post_type=product&#038;p=22419"},"modified":"2025-07-07T07:10:38","modified_gmt":"2025-07-07T07:10:38","slug":"maun-agaci-yaprak-tekne-uzun-sap-baglama-2","status":"publish","type":"product","link":"https:\/\/www.firtinamuzik.com.tr\/index.php\/product\/maun-agaci-yaprak-tekne-uzun-sap-baglama-2\/","title":{"rendered":"Ard\u0131\u00e7 Ag\u0306ac\u0131, Yaprak Tekne \/ Uzun Sap Ba\u011flama"},"content":{"rendered":"<div>**\u00d6zellikler:**<\/div>\n<div>&#8211; Malzeme: Ard\u0131\u00e7 Ag\u0306ac\u0131, Yaprak Tekne<\/div>\n<div>&#8211; T\u00fcr: Uzun Sap Ba\u011flama<\/div>\n<div>&#8211; \u00d6l\u00e7ek:42 lik<\/div>\n<div><\/div>\n<div>**Teslimat Bilgileri:**<\/div>\n<div>&#8211; Kargo \u00fccreti al\u0131c\u0131ya aittir.<\/div>\n<div>&#8211; KDV dahil de\u011fildir.<\/div>\n<div><\/div>\n<div><\/div>\n","protected":false},"excerpt":{"rendered":"<p>**\u00d6zellikler:** &#8211; Malzeme: Ard\u0131\u00e7 Ag\u0306ac\u0131, Yaprak Tekne &#8211; T\u00fcr: Uzun Sap Ba\u011flama &#8211; \u00d6l\u00e7ek:42 lik **Teslimat Bilgileri:** &#8211; Kargo \u00fccreti al\u0131c\u0131ya aittir. &#8211; KDV dahil de\u011fildir.<\/p>\n","protected":false},"featured_media":22422,"comment_status":"open","ping_status":"closed","template":"","meta":[],"product_brand":[],"product_cat":[68],"product_tag":[69],"class_list":{"0":"post-22419","1":"product","2":"type-product","3":"status-publish","4":"has-post-thumbnail","6":"product_cat-baglamalar","7":"product_tag-uzun-sap-baglama","9":"first","10":"instock","11":"shipping-taxable","12":"purchasable","13":"product-type-simple","14":"pofo-product-3col"},"_links":{"self":[{"href":"https:\/\/www.firtinamuzik.com.tr\/index.php\/wp-json\/wp\/v2\/product\/22419","targetHints":{"allow":["GET"]}}],"collection":[{"href":"https:\/\/www.firtinamuzik.com.tr\/index.php\/wp-json\/wp\/v2\/product"}],"about":[{"href":"https:\/\/www.firtinamuzik.com.tr\/index.php\/wp-json\/wp\/v2\/types\/product"}],"replies":[{"embeddable":true,"href":"https:\/\/www.firtinamuzik.com.tr\/index.php\/wp-json\/wp\/v2\/comments?post=22419"}],"wp:featuredmedia":[{"embeddable":true,"href":"https:\/\/www.firtinamuzik.com.tr\/index.php\/wp-json\/wp\/v2\/media\/22422"}],"wp:attachment":[{"href":"https:\/\/www.firtinamuzik.com.tr\/index.php\/wp-json\/wp\/v2\/media?parent=22419"}],"wp:term":[{"taxonomy":"product_brand","embeddable":true,"href":"https:\/\/www.firtinamuzik.com.tr\/index.php\/wp-json\/wp\/v2\/product_brand?post=22419"},{"taxonomy":"product_cat","embeddable":true,"href":"https:\/\/www.firtinamuzik.com.tr\/index.php\/wp-json\/wp\/v2\/product_cat?post=22419"},{"taxonomy":"product_tag","embeddable":true,"href":"https:\/\/www.firtinamuzik.com.tr\/index.php\/wp-json\/wp\/v2\/product_tag?post=22419"}],"curies":[{"name":"wp","href":"https:\/\/api.w.org\/{rel}","templated":true}]}}