{"id":22407,"date":"2025-07-07T07:01:07","date_gmt":"2025-07-07T07:01:07","guid":{"rendered":"http:\/\/www.firtinamuzik.com.tr\/?post_type=product&#038;p=22407"},"modified":"2025-07-07T07:05:14","modified_gmt":"2025-07-07T07:05:14","slug":"dut-agaci-oyma-tekne-sedef-klavyeli-uzun-sap-baglama","status":"publish","type":"product","link":"https:\/\/www.firtinamuzik.com.tr\/index.php\/product\/dut-agaci-oyma-tekne-sedef-klavyeli-uzun-sap-baglama\/","title":{"rendered":"Dut Ag\u0306ac\u0131, Oyma Tekne \/ Sedef klavyeli \/ Uzun Sap Ba\u011flama"},"content":{"rendered":"<div>**\u00d6zellikler:**<\/div>\n<div>&#8211; Malzeme: Dut Ag\u0306ac\u0131, Oyma Tekne<\/div>\n<div>&#8211; T\u00fcr: Uzun Sap Ba\u011flama \/ Sedef klavyeli<\/div>\n<div>&#8211; \u00d6l\u00e7ek:42 lik<\/div>\n<div><\/div>\n<div>**Teslimat Bilgileri:**<\/div>\n<div>&#8211; Kargo \u00fccreti al\u0131c\u0131ya aittir.<\/div>\n<div>&#8211; KDV dahil de\u011fildir.<\/div>\n<div><\/div>\n<div><\/div>\n","protected":false},"excerpt":{"rendered":"<p>**\u00d6zellikler:** &#8211; Malzeme: Dut Ag\u0306ac\u0131, Oyma Tekne &#8211; T\u00fcr: Uzun Sap Ba\u011flama \/ Sedef klavyeli &#8211; \u00d6l\u00e7ek:42 lik **Teslimat Bilgileri:** &#8211; Kargo \u00fccreti al\u0131c\u0131ya aittir. &#8211; KDV dahil de\u011fildir.<\/p>\n","protected":false},"featured_media":22411,"comment_status":"open","ping_status":"closed","template":"","meta":[],"product_brand":[],"product_cat":[68],"product_tag":[69],"class_list":{"0":"post-22407","1":"product","2":"type-product","3":"status-publish","4":"has-post-thumbnail","6":"product_cat-baglamalar","7":"product_tag-uzun-sap-baglama","9":"first","10":"instock","11":"shipping-taxable","12":"purchasable","13":"product-type-simple","14":"pofo-product-3col"},"_links":{"self":[{"href":"https:\/\/www.firtinamuzik.com.tr\/index.php\/wp-json\/wp\/v2\/product\/22407","targetHints":{"allow":["GET"]}}],"collection":[{"href":"https:\/\/www.firtinamuzik.com.tr\/index.php\/wp-json\/wp\/v2\/product"}],"about":[{"href":"https:\/\/www.firtinamuzik.com.tr\/index.php\/wp-json\/wp\/v2\/types\/product"}],"replies":[{"embeddable":true,"href":"https:\/\/www.firtinamuzik.com.tr\/index.php\/wp-json\/wp\/v2\/comments?post=22407"}],"wp:featuredmedia":[{"embeddable":true,"href":"https:\/\/www.firtinamuzik.com.tr\/index.php\/wp-json\/wp\/v2\/media\/22411"}],"wp:attachment":[{"href":"https:\/\/www.firtinamuzik.com.tr\/index.php\/wp-json\/wp\/v2\/media?parent=22407"}],"wp:term":[{"taxonomy":"product_brand","embeddable":true,"href":"https:\/\/www.firtinamuzik.com.tr\/index.php\/wp-json\/wp\/v2\/product_brand?post=22407"},{"taxonomy":"product_cat","embeddable":true,"href":"https:\/\/www.firtinamuzik.com.tr\/index.php\/wp-json\/wp\/v2\/product_cat?post=22407"},{"taxonomy":"product_tag","embeddable":true,"href":"https:\/\/www.firtinamuzik.com.tr\/index.php\/wp-json\/wp\/v2\/product_tag?post=22407"}],"curies":[{"name":"wp","href":"https:\/\/api.w.org\/{rel}","templated":true}]}}